{"id":58,"date":"2019-04-06T22:31:28","date_gmt":"2019-04-06T22:31:28","guid":{"rendered":"https:\/\/renjunews.com\/wc2019\/?page_id=58"},"modified":"2019-08-01T11:18:22","modified_gmt":"2019-08-01T11:18:22","slug":"players","status":"publish","type":"page","link":"https:\/\/renjunews.com\/wc2019\/players\/","title":{"rendered":"Players"},"content":{"rendered":"<p><\/p>\n<p>Last update: 01.08.2019<\/p>\n<p><\/p>\n<p><strong>Renju Final Tournament players:<\/strong><\/p>\n<p><\/p><p style=\"text-align: center\">Vladimir Sushkov<br \/>Russia<\/p><p style=\"text-align: center\">Hiroshi Okabe<br \/>Japan<\/p><p style=\"text-align: center\">Shunsuke Kamiya<br \/>Japan<\/p><p style=\"text-align: center\">Fumiya Inoue<br \/>Japan<\/p><p style=\"text-align: center\">Mei Fan<br \/>China<\/p><p style=\"text-align: center\">Cao Dong<br \/>China<\/p><p><strong>Gomoku Final Tournament players:<\/strong><\/p><p style=\"text-align: center\">Laszlo Zoltan<br \/>Hungary<\/p><p style=\"text-align: center\">Gerg\u00f6 Toth<br \/>Hungary<\/p><p style=\"text-align: center\">Ilja Muratov<br \/>Russia<\/p><p style=\"text-align: center\">Aleksei Lebedev<br \/>Russia<\/p><p style=\"text-align: center\">Ilja Katsev<br \/>Russia<\/p><p style=\"text-align: center\">&#8230;<br \/>Estonia<\/p><p style=\"text-align: center\">Mark Horvath<br \/>Hungary<\/p><p><strong>Renju Qualification Tournament players:<\/strong><\/p><p style=\"text-align: center\">Tomoharu Nakayama<br \/>Japan<\/p><p style=\"text-align: center\">Jun Koyama<br \/>Japan<\/p><p style=\"text-align: center\">Li Xiaoqing<br \/>China<\/p><p style=\"text-align: center\">Wang Qingqing<br \/>China<\/p><p style=\"text-align: center\">Wai Chan Keong<br \/>Macau<\/p><p style=\"text-align: center\">Sun In<br \/>Macau<\/p><p style=\"text-align: center\">Kim Hong-soon<br \/>Korea<\/p><p style=\"text-align: center\">Jang Won-cheol<br \/>Korea<\/p><p style=\"text-align: center\">Park Woong-bae<br \/>Korea<\/p><p style=\"text-align: center\">Denis Fedotov<br \/>Russia<\/p><p style=\"text-align: center\">Dmitri Epifanov<br \/>Russia<\/p><p style=\"text-align: center\">Villem Mesila<br \/>Estonia<\/p><p style=\"text-align: center\">Konstantin Nikonov<br \/>Russia<\/p><p style=\"text-align: center\">Brenet Rahum\u00e4gi<br \/>Estonia<\/p><p style=\"text-align: center\">Petter Gardstrom<br \/>Sweden<\/p><p style=\"text-align: center\">Richard Sandstrom<br \/>Sweden<\/p><p style=\"text-align: center\">Peter Jonsson<br \/>Sweden<\/p><p style=\"text-align: center\">Aivo Oll<br \/>Estonia<\/p><p style=\"text-align: center\">Georg-Romet Topkin<br \/>Estonia<\/p><p style=\"text-align: center\">Martin H\u00f5bem\u00e4gi<br \/>Estonia<\/p><p><strong>Gomoku Qualification Tournament players:<\/strong><\/p><p style=\"text-align: center\">Martin Muzika<br \/>Czech Republic<\/p><p style=\"text-align: center\">Stepan Tesarik<br \/>Czech Republic<\/p><p style=\"text-align: center\">Luka\u0161 Soucek<br \/>Czech Republic<\/p><p style=\"text-align: center\">Pavel Laube<br \/>Czech Republic<\/p><p style=\"text-align: center\">Edvard Rizvanov<br \/>Russia<\/p><p style=\"text-align: center\">Georgy Metreveli<br \/>Russia<\/p><p style=\"text-align: center\">Anatolyi Smirnov<br \/>Russia<\/p><p style=\"text-align: center\">Yuri Taiblin<br \/>Russia<\/p><p style=\"text-align: center\">Alexandr Bogatyrev<br \/>Russia<\/p><p style=\"text-align: center\">Viktor Balabhai<br \/>Russia<\/p><p style=\"text-align: center\">Maxim Karasyov<br \/>Russia<\/p><p style=\"text-align: center\">Mikhail Kozhin<br \/>Russia<\/p><p style=\"text-align: center\">Michal Zajk<br \/>Poland<\/p><p style=\"text-align: center\">Michal Zukowski<br \/>Poland<\/p><p style=\"text-align: center\">Adrian Fitzermann<br \/>Poland<\/p><p style=\"text-align: center\">Igor Eged<br \/>Slovakia<\/p><p style=\"text-align: center\">Matiss Riherts<br \/>Latvia<\/p><p style=\"text-align: center\">Karl-Ustav K\u00f5lar<br \/>Estonia<\/p><p style=\"text-align: center\">Rauno L\u00e4\u00e4ne<br \/>Estonia<\/p><p style=\"text-align: center\">Kuno Kolk<br \/>Estonia<\/p><p style=\"text-align: center\">Oleg Bulatovskyi<br \/>Ukraine<\/p><p style=\"text-align: center\">Maxim Lavrik Karmazin<br \/>Russia<\/p><p style=\"text-align: center\">Daniil Gorbachev<br \/>Russia<\/p><p style=\"text-align: center\">Peter Burtsev<br \/>Russia<\/p><p><strong>Women Renju Tournament players:<\/strong><\/p><p style=\"text-align: center\">Irina Metreveli<br \/>Russia<\/p><p style=\"text-align: center\">Daria Iusupmurzina<br \/>Russia<\/p><p style=\"text-align: center\">Sofia Tolstoguzova<br \/>Russia<\/p><p style=\"text-align: center\">Anastasia Oborina<br \/>Russia<\/p><p style=\"text-align: center\">Nonna Salnikova<br \/>Russia<\/p><p style=\"text-align: center\">Liu Xun<br \/>China<\/p><p style=\"text-align: center\">Wu Zhiqin<br \/>China<\/p><p style=\"text-align: center\">Yu Yajun<br \/>China<\/p><p style=\"text-align: center\">Maiko Fujita<br \/>Japan<\/p><p style=\"text-align: center\">Hanna-Kai Reimand<br \/>Estonia<\/p><p style=\"text-align: center\">Mari Kolk<br \/>Estonia<\/p><p style=\"text-align: center\">Kristina Mumm,<br \/>Estonia<\/p><p style=\"text-align: center\">Liisa Maria K\u00f5llo<br \/>Estonia<\/p><p><strong>Renju International Open Tournament players:<\/strong><\/p><p style=\"text-align: center\">Huang Xiuyi<br \/>China<\/p><p style=\"text-align: center\">Viktor Golosov<br \/>Russia<\/p><p style=\"text-align: center\">Maksim Metreveli<br \/>Russia<\/p><p style=\"text-align: center\">Yuri Taiblin<br \/>Russia<\/p><p style=\"text-align: center\">Taisiia Sadova<br \/>Russia<\/p><p style=\"text-align: center\">Ekaterina Rumiantceva<br \/>Russia<\/p><p style=\"text-align: center\">Alexandr Lisyutin<br \/>Russia<\/p><p style=\"text-align: center\">Olga Kurdina<br \/>Russia<\/p><p style=\"text-align: center\">Kim Hong-soon<br \/>Korea<\/p><p style=\"text-align: center\">Jang Won-cheol<br \/>Korea<\/p><p style=\"text-align: center\">Park Woong-bae<br \/>Korea<\/p><p style=\"text-align: center\">&#8230;<\/p><p style=\"text-align: center\">Oskar Pukk<br \/>Estonia<\/p><p style=\"text-align: center\">Martin Pukk<br \/>Estonia<\/p><p style=\"text-align: center\">Sander Piik<br \/>Estonia<\/p><p style=\"text-align: center\">Kirke Koni<br \/>Estonia<\/p><p style=\"text-align: center\">Karl-Mattias Moor<br \/>Estonia<\/p><p style=\"text-align: center\">Rauno L\u00e4\u00e4ne<br \/>Estonia<\/p><p style=\"text-align: center\">Kristjan L\u00e4\u00e4ne<br \/>Estonia<\/p><p style=\"text-align: center\">Jaak Andero Aasav<br \/>Estonia<\/p><p style=\"text-align: center\">Brenet Rahum\u00e4gi<br \/>Estonia<\/p><p style=\"text-align: center\">Pavel Salnikov<br \/>Russia<\/p><p style=\"text-align: center\">Melissa Nitov<br \/>Estonia<\/p><p><strong>Gomoku International Open Tournament players:<\/strong><\/p><p style=\"text-align: center\">Piotr Malowiejski<br \/>Poland<\/p><p style=\"text-align: center\">Alexandr Lisyutin<br \/>Russia<\/p><p style=\"text-align: center\">Oskar Pukk<br \/>Estonia<\/p><p style=\"text-align: center\">Markus Ikla<br \/>Estonia<\/p><p style=\"text-align: center\">Kristjan L\u00e4\u00e4ne<br \/>Estonia<\/p><p style=\"text-align: center\">Rauno L\u00e4\u00e4ne<br \/>Estonia<\/p><p style=\"text-align: center\">Melissa Nitov<br \/>Estonia<\/p>","protected":false},"excerpt":{"rendered":"<p>Last update: 01.08.2019 Renju Final Tournament players: Vladimir SushkovRussia Hiroshi OkabeJapan Shunsuke KamiyaJapan Fumiya InoueJapan Mei FanChina Cao DongChina Gomoku Final Tournament players: Laszlo ZoltanHungary Gerg\u00f6 TothHungary Ilja MuratovRussia Aleksei LebedevRussia Ilja KatsevRussia &#8230;Estonia Mark HorvathHungary Renju Qualification Tournament players: Tomoharu NakayamaJapan Jun KoyamaJapan Li XiaoqingChina Wang QingqingChina Wai Chan KeongMacau Sun InMacau Kim Hong-soonKorea Jang Won-cheolKorea Park Woong-baeKorea Denis FedotovRussia Dmitri EpifanovRussia Villem MesilaEstonia Konstantin NikonovRussia Brenet Rahum\u00e4giEstonia Petter GardstromSweden Richard SandstromSweden Peter JonssonSweden Aivo OllEstonia Georg-Romet TopkinEstonia Martin H\u00f5bem\u00e4giEstonia Gomoku Qualification Tournament players: Martin MuzikaCzech Republic Stepan TesarikCzech Republic Luka\u0161 SoucekCzech Republic Pavel LaubeCzech Republic Edvard RizvanovRussia Georgy MetreveliRussia Anatolyi SmirnovRussia Yuri TaiblinRussia Alexandr BogatyrevRussia Viktor BalabhaiRussia Maxim KarasyovRussia Mikhail KozhinRussia Michal ZajkPoland Michal ZukowskiPoland Adrian FitzermannPoland Igor EgedSlovakia Matiss RihertsLatvia Karl-Ustav K\u00f5larEstonia Rauno L\u00e4\u00e4neEstonia Kuno KolkEstonia Oleg BulatovskyiUkraine Maxim Lavrik KarmazinRussia Daniil GorbachevRussia Peter BurtsevRussia Women Renju Tournament players: Irina MetreveliRussia Daria IusupmurzinaRussia Sofia TolstoguzovaRussia Anastasia OborinaRussia Nonna SalnikovaRussia Liu XunChina Wu ZhiqinChina Yu YajunChina Maiko FujitaJapan Hanna-Kai ReimandEstonia Mari KolkEstonia Kristina Mumm,Estonia Liisa Maria K\u00f5lloEstonia Renju International Open Tournament players: Huang XiuyiChina Viktor GolosovRussia Maksim MetreveliRussia Yuri TaiblinRussia Taisiia SadovaRussia Ekaterina RumiantcevaRussia Alexandr LisyutinRussia Olga KurdinaRussia Kim Hong-soonKorea Jang Won-cheolKorea Park Woong-baeKorea &#8230; Oskar PukkEstonia Martin PukkEstonia Sander PiikEstonia Kirke KoniEstonia Karl-Mattias MoorEstonia Rauno L\u00e4\u00e4neEstonia Kristjan L\u00e4\u00e4neEstonia Jaak Andero AasavEstonia Brenet Rahum\u00e4giEstonia Pavel SalnikovRussia Melissa NitovEstonia Gomoku International Open Tournament players: Piotr MalowiejskiPoland Alexandr LisyutinRussia Oskar PukkEstonia Markus IklaEstonia Kristjan L\u00e4\u00e4neEstonia Rauno L\u00e4\u00e4neEstonia Melissa NitovEstonia<\/p>\n","protected":false},"author":3,"featured_media":0,"parent":0,"menu_order":0,"comment_status":"closed","ping_status":"closed","template":"","meta":{"footnotes":""},"class_list":["post-58","page","type-page","status-publish","hentry"],"_links":{"self":[{"href":"https:\/\/renjunews.com\/wc2019\/wp-json\/wp\/v2\/pages\/58","targetHints":{"allow":["GET"]}}],"collection":[{"href":"https:\/\/renjunews.com\/wc2019\/wp-json\/wp\/v2\/pages"}],"about":[{"href":"https:\/\/renjunews.com\/wc2019\/wp-json\/wp\/v2\/types\/page"}],"author":[{"embeddable":true,"href":"https:\/\/renjunews.com\/wc2019\/wp-json\/wp\/v2\/users\/3"}],"replies":[{"embeddable":true,"href":"https:\/\/renjunews.com\/wc2019\/wp-json\/wp\/v2\/comments?post=58"}],"version-history":[{"count":32,"href":"https:\/\/renjunews.com\/wc2019\/wp-json\/wp\/v2\/pages\/58\/revisions"}],"predecessor-version":[{"id":246,"href":"https:\/\/renjunews.com\/wc2019\/wp-json\/wp\/v2\/pages\/58\/revisions\/246"}],"wp:attachment":[{"href":"https:\/\/renjunews.com\/wc2019\/wp-json\/wp\/v2\/media?parent=58"}],"curies":[{"name":"wp","href":"https:\/\/api.w.org\/{rel}","templated":true}]}}